{"id":1172,"date":"2019-08-21T11:25:41","date_gmt":"2019-08-21T09:25:41","guid":{"rendered":"https:\/\/www.frauenliga.be\/mitfrau-werden"},"modified":"2024-07-01T12:18:07","modified_gmt":"2024-07-01T10:18:07","slug":"devenir-membre","status":"publish","type":"page","link":"https:\/\/www.frauenliga.be\/fr\/devenir-membre","title":{"rendered":"devenir membre"},"content":{"rendered":"<h3>Als Mitfrau<\/h3>\n<ul>\n<li>unterst\u00fctzst du unsere Arbeit f\u00fcr eine gleichberechtigte, solidarische und gerechte Gesellschaft.<\/li>\n<li>erh\u00e4lst du 3x im Jahr unsere Mitfrauenzeitschrift anna-lyse.<\/li>\n<li>profitierst du von erm\u00e4\u00dfigten Kursgeb\u00fchren.<\/li>\n<li>erh\u00e4lst du Informationen \u00fcber die Aktivit\u00e4ten der Frauenliga.<\/li>\n<li>hast du die M\u00f6glichkeit, dich am internen demokratischen Prozess unserer Bewegung zu beteiligen.<\/li>\n<\/ul>\n<p><strong>Der Mitfrauenbeitrag kostet nur 25 \u20ac im Jahr.<\/strong><\/p>\n<h3>Jetzt Mitfrau werden?<\/h3>\n\n<div class=\"wpcf7 no-js\" id=\"wpcf7-f301-o1\" lang=\"de-DE\" dir=\"ltr\" data-wpcf7-id=\"301\">\n<div class=\"screen-reader-response\"><p role=\"status\" aria-live=\"polite\" aria-atomic=\"true\"><\/p> <ul><\/ul><\/div>\n<form action=\"\/fr\/wp-json\/wp\/v2\/pages\/1172#wpcf7-f301-o1\" method=\"post\" class=\"wpcf7-form init\" aria-label=\"Kontaktformular\" novalidate=\"novalidate\" data-status=\"init\">\n<fieldset class=\"hidden-fields-container\"><input type=\"hidden\" name=\"_wpcf7\" value=\"301\" \/><input type=\"hidden\" name=\"_wpcf7_version\" value=\"6.1.5\" \/><input type=\"hidden\" name=\"_wpcf7_locale\" value=\"de_DE\" \/><input type=\"hidden\" name=\"_wpcf7_unit_tag\" value=\"wpcf7-f301-o1\" \/><input type=\"hidden\" name=\"_wpcf7_container_post\" value=\"0\" \/><input type=\"hidden\" name=\"_wpcf7_posted_data_hash\" value=\"\" \/><input type=\"hidden\" name=\"_wpcf7cf_hidden_group_fields\" value=\"[]\" \/><input type=\"hidden\" name=\"_wpcf7cf_hidden_groups\" value=\"[]\" \/><input type=\"hidden\" name=\"_wpcf7cf_visible_groups\" value=\"[]\" \/><input type=\"hidden\" name=\"_wpcf7cf_repeaters\" value=\"[]\" \/><input type=\"hidden\" name=\"_wpcf7cf_steps\" value=\"{}\" \/><input type=\"hidden\" name=\"_wpcf7cf_options\" value=\"{&quot;form_id&quot;:301,&quot;conditions&quot;:[{&quot;then_field&quot;:&quot;-1&quot;,&quot;and_rules&quot;:[{&quot;if_field&quot;:&quot;-1&quot;,&quot;operator&quot;:&quot;equals&quot;,&quot;if_value&quot;:&quot;Belgierin&quot;}]},{&quot;then_field&quot;:&quot;-1&quot;,&quot;and_rules&quot;:[{&quot;if_field&quot;:&quot;-1&quot;,&quot;operator&quot;:&quot;equals&quot;,&quot;if_value&quot;:&quot;EU-B\\u00fcrgerin&quot;}]}],&quot;settings&quot;:{&quot;animation&quot;:&quot;yes&quot;,&quot;animation_intime&quot;:200,&quot;animation_outtime&quot;:200,&quot;conditions_ui&quot;:&quot;normal&quot;,&quot;notice_dismissed&quot;:false,&quot;notice_dismissed_update-cf7-5.7.7&quot;:true,&quot;notice_dismissed_update-cf7-5.9.2&quot;:true,&quot;notice_dismissed_update-cf7-5.9.4&quot;:true,&quot;notice_dismissed_rollback-cf7-5.9.5&quot;:true}}\" \/>\n<\/fieldset>\n<div class=\"form-rows\">\n\t<div class=\"form-row\">\n\t\t<p><label for=\"vorname\">Vorname*<span class=\"wpcf7-form-control-wrap\" data-name=\"vorname\"><input size=\"40\" maxlength=\"400\" class=\"wpcf7-form-control wpcf7-text wpcf7-validates-as-required\" aria-required=\"true\" aria-invalid=\"false\" value=\"\" type=\"text\" name=\"vorname\" \/><\/span><\/label>\n\t\t<\/p>\n\t<\/div>\n\t<div class=\"form-row\">\n\t\t<p><label for=\"nachname\">Nachname*<span class=\"wpcf7-form-control-wrap\" data-name=\"nachname\"><input size=\"40\" maxlength=\"400\" class=\"wpcf7-form-control wpcf7-text wpcf7-validates-as-required\" aria-required=\"true\" aria-invalid=\"false\" value=\"\" type=\"text\" name=\"nachname\" \/><\/span><\/label>\n\t\t<\/p>\n\t<\/div>\n<\/div>\n<div class=\"form-row\">\n\t<p><label for=\"strasse\">Strasse & Hausnummer*<span class=\"wpcf7-form-control-wrap\" data-name=\"strasse\"><input size=\"40\" maxlength=\"400\" class=\"wpcf7-form-control wpcf7-text wpcf7-validates-as-required\" aria-required=\"true\" aria-invalid=\"false\" value=\"\" type=\"text\" name=\"strasse\" \/><\/span><\/label>\n\t<\/p>\n<\/div>\n<div class=\"form-rows\">\n\t<div class=\"form-row\">\n\t\t<p><label for=\"plz\">PLZ*<span class=\"wpcf7-form-control-wrap\" data-name=\"plz\"><input size=\"40\" maxlength=\"400\" class=\"wpcf7-form-control wpcf7-text wpcf7-validates-as-required\" aria-required=\"true\" aria-invalid=\"false\" value=\"\" type=\"text\" name=\"plz\" \/><\/span><\/label>\n\t\t<\/p>\n\t<\/div>\n\t<div class=\"form-row\">\n\t\t<p><label for=\"ort\">Ort*<span class=\"wpcf7-form-control-wrap\" data-name=\"ort\"><input size=\"40\" maxlength=\"400\" class=\"wpcf7-form-control wpcf7-text wpcf7-validates-as-required\" aria-required=\"true\" aria-invalid=\"false\" value=\"\" type=\"text\" name=\"ort\" \/><\/span><\/label>\n\t\t<\/p>\n\t<\/div>\n<\/div>\n<div class=\"form-row\">\n\t<p><label for=\"land\">Land*<span class=\"wpcf7-form-control-wrap\" data-name=\"land\"><input size=\"40\" maxlength=\"400\" class=\"wpcf7-form-control wpcf7-text wpcf7-validates-as-required\" aria-required=\"true\" aria-invalid=\"false\" value=\"\" type=\"text\" name=\"land\" \/><\/span><\/label>\n\t<\/p>\n<\/div>\n<hr \/>\n<div class=\"form-rows\">\n\t<div class=\"form-row\">\n\t\t<p><label for=\"your-email\">E-Mail*<span class=\"wpcf7-form-control-wrap\" data-name=\"your-email\"><input size=\"40\" maxlength=\"400\" class=\"wpcf7-form-control wpcf7-email wpcf7-validates-as-required wpcf7-text wpcf7-validates-as-email\" aria-required=\"true\" aria-invalid=\"false\" value=\"\" type=\"email\" name=\"your-email\" \/><\/span><\/label>\n\t\t<\/p>\n\t<\/div>\n\t<div class=\"form-row\">\n\t\t<p><label for=\"telefon\">Telefon*<span class=\"wpcf7-form-control-wrap\" data-name=\"telefon\"><input size=\"40\" maxlength=\"400\" class=\"wpcf7-form-control wpcf7-text wpcf7-validates-as-required\" aria-required=\"true\" aria-invalid=\"false\" value=\"\" type=\"text\" name=\"telefon\" \/><\/span><\/label>\n\t\t<\/p>\n\t<\/div>\n<\/div>\n<hr \/>\n<div class=\"form-row form-row--radio\">\n\t<p><span class=\"wpcf7-form-control-wrap\" data-name=\"datenschutz\"><span class=\"wpcf7-form-control wpcf7-acceptance\"><span class=\"wpcf7-list-item\"><label><input type=\"checkbox\" name=\"datenschutz\" value=\"1\" aria-invalid=\"false\" \/><span class=\"wpcf7-list-item-label\">Ich bin mit den <a href=\"\/datenschutz\">Datenschutzbestimmungen<\/a> und der automatischen Verl\u00e4ngerung der Mitfrauenschaft um ein Jahr (au\u00dfer schriftlicher K\u00fcndigung 3 Monate vor Jahresende) einverstanden.<\/span><\/label><\/span><\/span><\/span>\n\t<\/p>\n<\/div>\n<p><span id=\"wpcf7-69f3fd557c578-wrapper\" class=\"wpcf7-form-control-wrap Alter-wrap\" ><label for=\"wpcf7-69f3fd557c578-field\" class=\"hp-message\">Bitte lasse dieses Feld leer.<\/label><input id=\"wpcf7-69f3fd557c578-field\"  class=\"wpcf7-form-control wpcf7-text\" type=\"text\" name=\"Alter\" value=\"\" size=\"40\" tabindex=\"-1\" autocomplete=\"off\" \/><\/span>\n<\/p>\n<div class=\"form-row\">\n\t<p class=\"aiowps-captcha hide-when-displaying-tfa-input\"><label for=\"aiowps-captcha-answer-69f3fd557948a\">Saisissez votre r\u00e9ponse en chiffres<\/label>\n\t<\/p>\n\t<div class=\"aiowps-captcha-equation hide-when-displaying-tfa-input\">\n\t\t<p><strong>5 &#215; deux = <input type=\"hidden\" name=\"aiowps-captcha-string-info\" class=\"aiowps-captcha-string-info\" value=\"wm2dqw5tym\" \/><input type=\"hidden\" name=\"aiowps-captcha-temp-string\" class=\"aiowps-captcha-temp-string\" value=\"1777597781\" \/><input type=\"text\" size=\"2\" id=\"aiowps-captcha-answer-69f3fd557948a\" class=\"aiowps-captcha-answer\" name=\"aiowps-captcha-answer\" value=\"\" autocomplete=\"off\" \/><\/strong>\n\t\t<\/p>\n\t<\/div>\n\t<p><span class='wpcf7-form-control-wrap' data-name='aiowps-captcha'><\/span><input class=\"wpcf7-form-control wpcf7-submit has-spinner btn\" type=\"submit\" value=\"Jetzt Mitfrau werden!\" \/>\n\t<\/p>\n<\/div>\n<p><br \/>\nBitte \u00fcberweise den Beitrag auf folgendes Konto\n<\/p>\n<p>IBAN: BE04 7360 5497 6331\n<\/p>\n<p>BIC: KREDBEBB\n<\/p>\n<p><em><small>* Pflichtfeld<\/small><\/em>\n<\/p><div class=\"wpcf7-response-output\" aria-hidden=\"true\"><\/div>\n<\/form>\n<\/div>\n\n","protected":false},"excerpt":{"rendered":"Als Mitfrau unterst\u00fctzst du unsere Arbeit f\u00fcr eine gleichberechtigte, solidarische und gerechte Gesellschaft. erh\u00e4lst du 3x im Jahr unsere Mitfrauenzeitschrift anna-lyse. profitierst du von erm\u00e4\u00dfigten Kursgeb\u00fchren. erh\u00e4lst du Informationen \u00fcber die Aktivit\u00e4ten der Frauenliga. hast du die M\u00f6glichkeit, dich am internen demokratischen Prozess unserer Bewegung zu beteiligen. Der Mitfrauenbeitrag kostet nur 25 \u20ac im Jahr.&nbsp;&hellip;&nbsp;","protected":false},"author":2,"featured_media":0,"parent":0,"menu_order":41,"comment_status":"closed","ping_status":"closed","template":"default.php","meta":{"_acf_changed":false,"footnotes":""},"class_list":["post-1172","page","type-page","status-publish","hentry"],"acf":[],"_links":{"self":[{"href":"https:\/\/www.frauenliga.be\/fr\/wp-json\/wp\/v2\/pages\/1172","targetHints":{"allow":["GET"]}}],"collection":[{"href":"https:\/\/www.frauenliga.be\/fr\/wp-json\/wp\/v2\/pages"}],"about":[{"href":"https:\/\/www.frauenliga.be\/fr\/wp-json\/wp\/v2\/types\/page"}],"author":[{"embeddable":true,"href":"https:\/\/www.frauenliga.be\/fr\/wp-json\/wp\/v2\/users\/2"}],"replies":[{"embeddable":true,"href":"https:\/\/www.frauenliga.be\/fr\/wp-json\/wp\/v2\/comments?post=1172"}],"version-history":[{"count":2,"href":"https:\/\/www.frauenliga.be\/fr\/wp-json\/wp\/v2\/pages\/1172\/revisions"}],"predecessor-version":[{"id":5914,"href":"https:\/\/www.frauenliga.be\/fr\/wp-json\/wp\/v2\/pages\/1172\/revisions\/5914"}],"wp:attachment":[{"href":"https:\/\/www.frauenliga.be\/fr\/wp-json\/wp\/v2\/media?parent=1172"}],"curies":[{"name":"wp","href":"https:\/\/api.w.org\/{rel}","templated":true}]}}