{"id":1180,"date":"2020-08-13T10:18:34","date_gmt":"2020-08-13T08:18:34","guid":{"rendered":"https:\/\/www.frauenliga.be\/?page_id=1180"},"modified":"2020-08-13T10:18:34","modified_gmt":"2020-08-13T08:18:34","slug":"mentions-legales","status":"publish","type":"page","link":"https:\/\/www.frauenliga.be\/fr\/mentions-legales","title":{"rendered":"Mentions l\u00e9gales"},"content":{"rendered":"<div class=\"content content--default w--max\">\n<article class=\"article-detail w--full\">\n<h2>Frauenliga \/ Vie F\u00e9minine VoG<\/h2>\n<p>Neustra\u00dfe 59B<br class=\"manualbr\" \/>4700 Eupen<br class=\"manualbr\" \/><strong>Tel.:<\/strong> +32 (0)87 \/ 55 54 18<br class=\"manualbr\" \/><strong>E-Mail:<\/strong> <a href=\"mailto:info@frauenliga.be\">info@frauenliga.be<\/a><\/p>\n<h3>\u00c9diteur responsable<\/h3>\n<p><strong>Pr\u00e9sidente du conseil d&rsquo;administration:<\/strong> Anne-Marie Braun<\/p>\n<p><strong>Num\u00e9ro d&rsquo;entreprise :<\/strong>\u00a0BE0457760816<\/p>\n<p>Inscrite au registre des personnes morales d&rsquo;Eupen<\/p>\n<p><strong>IBAN: BE04 7360 5497 6331<\/strong><\/p>\n<h3>Realisation<\/h3>\n<p><strong>Cloth. Kreativbureau<br \/>\n<\/strong>Schnellewindgasse 8<br \/>\n4700 Eupen, Belgien<\/p>\n<p>T. +32 (0)87 333 554<br \/>\nE-Mail:\u00a0<a href=\"mailto:%20info@cloth.be\">info@cloth.be<\/a><br \/>\nWeb:\u00a0<a href=\"https:\/\/www.cloth.be\/\">cloth.be<\/a><\/p>\n<\/article>\n<\/div>\n","protected":false},"excerpt":{"rendered":"Frauenliga \/ Vie F\u00e9minine VoG Neustra\u00dfe 59B4700 EupenTel.: +32 (0)87 \/ 55 54 18E-Mail: info@frauenliga.be \u00c9diteur responsable Pr\u00e9sidente du conseil d&rsquo;administration: Anne-Marie Braun Num\u00e9ro d&rsquo;entreprise :\u00a0BE0457760816 Inscrite au registre des personnes morales d&rsquo;Eupen IBAN: BE04 7360 5497 6331 Realisation Cloth. Kreativbureau Schnellewindgasse 8 4700 Eupen, Belgien T. +32 (0)87 333 554 E-Mail:\u00a0info@cloth.be Web:\u00a0cloth.be","protected":false},"author":2,"featured_media":0,"parent":0,"menu_order":48,"comment_status":"closed","ping_status":"closed","template":"default.php","meta":{"_acf_changed":false,"footnotes":""},"class_list":["post-1180","page","type-page","status-publish","hentry"],"acf":[],"_links":{"self":[{"href":"https:\/\/www.frauenliga.be\/fr\/wp-json\/wp\/v2\/pages\/1180","targetHints":{"allow":["GET"]}}],"collection":[{"href":"https:\/\/www.frauenliga.be\/fr\/wp-json\/wp\/v2\/pages"}],"about":[{"href":"https:\/\/www.frauenliga.be\/fr\/wp-json\/wp\/v2\/types\/page"}],"author":[{"embeddable":true,"href":"https:\/\/www.frauenliga.be\/fr\/wp-json\/wp\/v2\/users\/2"}],"replies":[{"embeddable":true,"href":"https:\/\/www.frauenliga.be\/fr\/wp-json\/wp\/v2\/comments?post=1180"}],"version-history":[{"count":1,"href":"https:\/\/www.frauenliga.be\/fr\/wp-json\/wp\/v2\/pages\/1180\/revisions"}],"predecessor-version":[{"id":1181,"href":"https:\/\/www.frauenliga.be\/fr\/wp-json\/wp\/v2\/pages\/1180\/revisions\/1181"}],"wp:attachment":[{"href":"https:\/\/www.frauenliga.be\/fr\/wp-json\/wp\/v2\/media?parent=1180"}],"curies":[{"name":"wp","href":"https:\/\/api.w.org\/{rel}","templated":true}]}}