{"id":1184,"date":"2020-08-13T10:24:44","date_gmt":"2020-08-13T08:24:44","guid":{"rendered":"https:\/\/www.frauenliga.be\/?page_id=1184"},"modified":"2024-07-10T09:22:17","modified_gmt":"2024-07-10T07:22:17","slug":"qui-nous-sommes","status":"publish","type":"page","link":"https:\/\/www.frauenliga.be\/fr\/qui-nous-sommes","title":{"rendered":"Qui nous sommes"},"content":{"rendered":"<p><strong>Notre mission est de renforcer les droits des femmes gr\u00e2ce \u00e0 un travail \u00e9ducatif par et avec les femmes. Nous accompagnons les femmes dans leur d\u00e9veloppement vers une vie autod\u00e9termin\u00e9e et une ind\u00e9pendance financi\u00e8re. Nous comptons sur les forces et les opportunit\u00e9s que chaque femme a en elle.<\/strong><\/p>\n<p>Penses-tu que les femmes et les hommes devraient gagner la m\u00eame chose? Si tu r\u00e9ponds \u00aboui\u00bb \u00e0 cette question sans r\u00e9serve, nous tenons \u00e0 te f\u00e9liciter, car tu es f\u00e9ministe. Et pour aller encore un peu plus loin: les p\u00e8res devraient-ils \u00eatre aussi responsables de leurs enfants que les m\u00e8res? Pourquoi les parents sont-ils oblig\u00e9s de choisir entre le travail et la famille? Ces questions et bien d&rsquo;autres montrent pourquoi nous avons besoin du f\u00e9minisme.<\/p>\n<h3>Le f\u00e9minisme, c\u2019est notre sujet!<\/h3>\n<p>Nos lois sont tr\u00e8s claires: l&rsquo;\u00e9galit\u00e9 des chances entre les femmes et les hommes est obligatoire. Mais les femmes sont toujours d\u00e9savantag\u00e9es dans la vraie vie. Le f\u00e9minisme est le mouvement pour l&rsquo;\u00e9galit\u00e9 sociale, politique et \u00e9conomique des femmes. Le f\u00e9minisme interroge les r\u00f4les existants et r\u00e9v\u00e8le le sexisme dans les m\u00e9dias, la vie quotidienne et au travail. En tant que Frauenliga, nous faisons partie de ce mouvement. Nous aidons \u00e0 fa\u00e7onner notre environnement et \u00e0 nous impliquer &#8211; vers une soci\u00e9t\u00e9 \u00e9gale, solidaire et juste.<\/p>\n<h3>Nous donnons \u00e0 chaque femme une importance particuliere!<\/h3>\n<p>Pour nous, l&rsquo;\u00e9ducation f\u00e9ministe signifie: Nous soutenons les femmes dans leur d\u00e9veloppement vers une vie autod\u00e9termin\u00e9e et une ind\u00e9pendance financi\u00e8re. Nous comptons sur les forces et les opportunit\u00e9s que chaque femme a en elle.<\/p>\n<h3>Seul le meilleur est bien assez pour les femmes!<\/h3>\n<p>La qualit\u00e9 de notre travail est tr\u00e8s importante pour nous. Notre \u00e9quipe est compos\u00e9e de sp\u00e9cialistes aux qualifications diverses ainsi que de b\u00e9n\u00e9voles form\u00e9s. Notre offre \u00e9ducative et de service pour les femmes est \u00e0 jour et en constante \u00e9volution. L&rsquo;\u00e9quipe participe r\u00e9guli\u00e8rement \u00e0 des formations compl\u00e9mentaires et est bien connect\u00e9e avec de nombreuses autres organisations.<\/p>\n<h3>Nous savons et pouvons faire ce que nous faisons!<\/h3>\n<p>Nous travaillons en tant qu&rsquo;organisation de d\u00e9fense des droits des femmes dans la communaut\u00e9 germanophone depuis 1931. Nous nous consid\u00e9rons comme un mouvement f\u00e9ministe ayant des racines traditionnelles dans le mouvement ouvrier.<\/p>\n<p>Nous attachons une grande importance aux m\u00e9thodes avec lesquelles nous travaillons: l&rsquo;approche \u00e9ducationnelle f\u00e9ministe nous aide \u00e0 exiger et \u00e0 mettre en \u0153uvre des changements des r\u00f4les.\u00a0 Le Empowerement renforce l&rsquo;autonomie et l&rsquo;autod\u00e9termination, la m\u00e9thode \u00ab\u00a0aide mutuelle\u00a0\u00bb initie le renforcement des processus de groupe et le travail \u00e9ducatif de proximit\u00e9\u00a0 et offre un acc\u00e8s simple \u00e0 nos b\u00e9n\u00e9ficiaires. De cette fa\u00e7on, tout le monde peut en profiter et faire la diff\u00e9rence, ensemble.<\/p>\n<p>Veux tu nous rejoindre? Nous te proposons de te r\u00e9aliser sur une base d\u2018un volontariat, tu peux participer \u00e0 des cours, devenir femme, poursuivre une formation professionnelle, profiter d&rsquo;offres pour les familles, devenir conf\u00e9renci\u00e8re, utiliser des offres interculturelles, participer \u00e0 des offres pour les jeunes femmes, d\u00e9couvrir de nouvelles choses, mettre en \u0153uvre de nouvelles choses et bien plus encore.<\/p>\n","protected":false},"excerpt":{"rendered":"Notre mission est de renforcer les droits des femmes gr\u00e2ce \u00e0 un travail \u00e9ducatif par et avec les femmes. Nous accompagnons les femmes dans leur d\u00e9veloppement vers une vie autod\u00e9termin\u00e9e et une ind\u00e9pendance financi\u00e8re. Nous comptons sur les forces et les opportunit\u00e9s que chaque femme a en elle. Penses-tu que les femmes et les hommes&nbsp;&hellip;&nbsp;","protected":false},"author":2,"featured_media":0,"parent":0,"menu_order":2,"comment_status":"closed","ping_status":"closed","template":"default.php","meta":{"_acf_changed":false,"footnotes":""},"class_list":["post-1184","page","type-page","status-publish","hentry"],"acf":[],"_links":{"self":[{"href":"https:\/\/www.frauenliga.be\/fr\/wp-json\/wp\/v2\/pages\/1184","targetHints":{"allow":["GET"]}}],"collection":[{"href":"https:\/\/www.frauenliga.be\/fr\/wp-json\/wp\/v2\/pages"}],"about":[{"href":"https:\/\/www.frauenliga.be\/fr\/wp-json\/wp\/v2\/types\/page"}],"author":[{"embeddable":true,"href":"https:\/\/www.frauenliga.be\/fr\/wp-json\/wp\/v2\/users\/2"}],"replies":[{"embeddable":true,"href":"https:\/\/www.frauenliga.be\/fr\/wp-json\/wp\/v2\/comments?post=1184"}],"version-history":[{"count":44,"href":"https:\/\/www.frauenliga.be\/fr\/wp-json\/wp\/v2\/pages\/1184\/revisions"}],"predecessor-version":[{"id":5928,"href":"https:\/\/www.frauenliga.be\/fr\/wp-json\/wp\/v2\/pages\/1184\/revisions\/5928"}],"wp:attachment":[{"href":"https:\/\/www.frauenliga.be\/fr\/wp-json\/wp\/v2\/media?parent=1184"}],"curies":[{"name":"wp","href":"https:\/\/api.w.org\/{rel}","templated":true}]}}