{"id":1305,"date":"2020-08-14T15:56:03","date_gmt":"2020-08-14T13:56:03","guid":{"rendered":"https:\/\/www.frauenliga.be\/?page_id=1305"},"modified":"2022-05-20T16:21:17","modified_gmt":"2022-05-20T14:21:17","slug":"haus-der-familie","status":"publish","type":"page","link":"https:\/\/www.frauenliga.be\/nl\/haus-der-familie","title":{"rendered":"Haus der Familie"},"content":{"rendered":"<p>&nbsp;<\/p>\n<p><strong>Met de wens om alle soorten gezinnen aan te spreken &#8211; of het nu gaat om sociaal ge\u00efsoleerde gezinnen, samengestelde families (patchwork), alleenstaande ouders, grootouders en alle generaties, heeft de \u201eFrauenliga\u201c het \u201eHaus der Familie\u201c in Kelmis opgericht, met het doel een ontmoetingsplaats voor gezinnen te cre\u00ebren, laagdrempelige begeleiding aan te bieden en zoveel mogelijk faciliteiten onder \u00e9\u00e9n dak samen te brengen.<br \/>\n<\/strong><\/p>\n<p>Sinds 2008 is het \u201eHaus der Familie\u201c een van de sociale ontmoetingsplaatsen in Oost-Belgi\u00eb.<br \/>\nOns huis is gelegen in de Patronagestraat in Kelmis, in het voormalige gebouw van de JAZ (jeugd animatie centrum). Veel werk en aandacht voor detail hebben de oude muren veranderd in een vriendelijke, heldere plek, die gevuld is met leven en diverse activiteiten.<\/p>\n<p>Wat de peuteropvang betreft, bieden we de mogelijkheid om het ouder-kind trefpunt te bezoeken of de kinderen in te schrijven in het kinderdagverblijf.<\/p>\n<p>Het is voor ons belangrijk om de kinderen een veilige omgeving te bieden met vertrouwde procedures, zodat ze zich snel kunnen wennen en zich ook meteen thuis voelen. We krijgen positieve feedback van de kleuterscholen, die een duidelijk verschil merken tussen de kinderen, die aan ons aangebod deelgenomen hebben en degenen die in het kleuterschool hun allereerste ervaring met groepen maken.<\/p>\n<p>Daarnaast wordt in het \u201eHaus der Familie\u201c een grote aantal aan cursussen aangeboden. Er worden ook altijd nieuwe cursussen aangeboden, afhankelijk van de behoeften van de kinderen.<\/p>\n<p>Het \u201eHaus der Familie\u201c werkt voornamelijk met vrijwilligers. Op dit moment zijn er ongeveer 30 vrijwilligers bij de verschillende groepen betrokken.<\/p>\n<p>Er is hier altijd wel iets aan de hand, dus als je meer over ons wilt weten, kom dan even langs.<\/p>\n<p>&nbsp;<\/p>\n","protected":false},"excerpt":{"rendered":"&nbsp; Met de wens om alle soorten gezinnen aan te spreken &#8211; of het nu gaat om sociaal ge\u00efsoleerde gezinnen, samengestelde families (patchwork), alleenstaande ouders, grootouders en alle generaties, heeft de \u201eFrauenliga\u201c het \u201eHaus der Familie\u201c in Kelmis opgericht, met het doel een ontmoetingsplaats voor gezinnen te cre\u00ebren, laagdrempelige begeleiding aan te bieden en zoveel&nbsp;&hellip;&nbsp;","protected":false},"author":2,"featured_media":0,"parent":0,"menu_order":29,"comment_status":"closed","ping_status":"closed","template":"default.php","meta":{"_acf_changed":false,"footnotes":""},"class_list":["post-1305","page","type-page","status-publish","hentry"],"acf":[],"_links":{"self":[{"href":"https:\/\/www.frauenliga.be\/nl\/wp-json\/wp\/v2\/pages\/1305","targetHints":{"allow":["GET"]}}],"collection":[{"href":"https:\/\/www.frauenliga.be\/nl\/wp-json\/wp\/v2\/pages"}],"about":[{"href":"https:\/\/www.frauenliga.be\/nl\/wp-json\/wp\/v2\/types\/page"}],"author":[{"embeddable":true,"href":"https:\/\/www.frauenliga.be\/nl\/wp-json\/wp\/v2\/users\/2"}],"replies":[{"embeddable":true,"href":"https:\/\/www.frauenliga.be\/nl\/wp-json\/wp\/v2\/comments?post=1305"}],"version-history":[{"count":6,"href":"https:\/\/www.frauenliga.be\/nl\/wp-json\/wp\/v2\/pages\/1305\/revisions"}],"predecessor-version":[{"id":3805,"href":"https:\/\/www.frauenliga.be\/nl\/wp-json\/wp\/v2\/pages\/1305\/revisions\/3805"}],"wp:attachment":[{"href":"https:\/\/www.frauenliga.be\/nl\/wp-json\/wp\/v2\/media?parent=1305"}],"curies":[{"name":"wp","href":"https:\/\/api.w.org\/{rel}","templated":true}]}}